{"id":49,"date":"2018-08-07T22:25:13","date_gmt":"2018-08-07T22:25:13","guid":{"rendered":"http:\/\/xn--schtzenverein-thalheim-ulc.de\/?page_id=49"},"modified":"2018-09-03T13:42:49","modified_gmt":"2018-09-03T13:42:49","slug":"schiessstaende","status":"publish","type":"page","link":"https:\/\/xn--schtzenverein-thalheim-ulc.de\/?page_id=49","title":{"rendered":"Schie\u00dfst\u00e4nde"},"content":{"rendered":"<h3>10m<\/h3>\n<p><img loading=\"lazy\" decoding=\"async\" class=\"alignnone wp-image-362\" src=\"https:\/\/xn--schtzenverein-thalheim-ulc.de\/wp-content\/uploads\/2018\/08\/MG_2135-300x200.jpg\" alt=\"\" width=\"661\" height=\"440\" srcset=\"https:\/\/xn--schtzenverein-thalheim-ulc.de\/wp-content\/uploads\/2018\/08\/MG_2135-300x200.jpg 300w, https:\/\/xn--schtzenverein-thalheim-ulc.de\/wp-content\/uploads\/2018\/08\/MG_2135-768x512.jpg 768w, https:\/\/xn--schtzenverein-thalheim-ulc.de\/wp-content\/uploads\/2018\/08\/MG_2135-1024x683.jpg 1024w\" sizes=\"auto, (max-width: 661px) 100vw, 661px\" \/><\/p>\n<p><img loading=\"lazy\" decoding=\"async\" class=\"alignnone wp-image-322\" src=\"https:\/\/xn--schtzenverein-thalheim-ulc.de\/wp-content\/uploads\/2018\/08\/MG_2140-300x200.jpg\" alt=\"\" width=\"662\" height=\"441\" srcset=\"https:\/\/xn--schtzenverein-thalheim-ulc.de\/wp-content\/uploads\/2018\/08\/MG_2140-300x200.jpg 300w, https:\/\/xn--schtzenverein-thalheim-ulc.de\/wp-content\/uploads\/2018\/08\/MG_2140-768x512.jpg 768w, https:\/\/xn--schtzenverein-thalheim-ulc.de\/wp-content\/uploads\/2018\/08\/MG_2140-1024x683.jpg 1024w\" sizes=\"auto, (max-width: 662px) 100vw, 662px\" \/><\/p>\n<p><img loading=\"lazy\" decoding=\"async\" class=\"alignnone wp-image-347\" src=\"https:\/\/xn--schtzenverein-thalheim-ulc.de\/wp-content\/uploads\/2018\/08\/MG_2167-300x200.jpg\" alt=\"\" width=\"595\" height=\"396\" srcset=\"https:\/\/xn--schtzenverein-thalheim-ulc.de\/wp-content\/uploads\/2018\/08\/MG_2167-300x200.jpg 300w, https:\/\/xn--schtzenverein-thalheim-ulc.de\/wp-content\/uploads\/2018\/08\/MG_2167-768x512.jpg 768w, https:\/\/xn--schtzenverein-thalheim-ulc.de\/wp-content\/uploads\/2018\/08\/MG_2167-1024x683.jpg 1024w\" sizes=\"auto, (max-width: 595px) 100vw, 595px\" \/><\/p>\n<p>&nbsp;<\/p>\n<p>Schie\u00dfstand mit Scheibenzuganlage<\/p>\n<p>M\u00f6glichkeit f\u00fcr das &#8222;Schie\u00dfen&#8220; mit einem Lasergewehr<\/p>\n<p>10 St\u00e4nde<\/p>\n<h3>25m<\/h3>\n<p><img loading=\"lazy\" decoding=\"async\" class=\"alignnone wp-image-389\" src=\"https:\/\/xn--schtzenverein-thalheim-ulc.de\/wp-content\/uploads\/2018\/09\/MG_2260-300x200.jpg\" alt=\"\" width=\"663\" height=\"442\" srcset=\"https:\/\/xn--schtzenverein-thalheim-ulc.de\/wp-content\/uploads\/2018\/09\/MG_2260-300x200.jpg 300w, https:\/\/xn--schtzenverein-thalheim-ulc.de\/wp-content\/uploads\/2018\/09\/MG_2260-768x512.jpg 768w, https:\/\/xn--schtzenverein-thalheim-ulc.de\/wp-content\/uploads\/2018\/09\/MG_2260-1024x683.jpg 1024w\" sizes=\"auto, (max-width: 663px) 100vw, 663px\" \/><\/p>\n<p><img loading=\"lazy\" decoding=\"async\" class=\"alignnone wp-image-341\" src=\"https:\/\/xn--schtzenverein-thalheim-ulc.de\/wp-content\/uploads\/2018\/08\/MG_2201-300x200.jpg\" alt=\"\" width=\"663\" height=\"442\" srcset=\"https:\/\/xn--schtzenverein-thalheim-ulc.de\/wp-content\/uploads\/2018\/08\/MG_2201-300x200.jpg 300w, https:\/\/xn--schtzenverein-thalheim-ulc.de\/wp-content\/uploads\/2018\/08\/MG_2201-768x512.jpg 768w, https:\/\/xn--schtzenverein-thalheim-ulc.de\/wp-content\/uploads\/2018\/08\/MG_2201-1024x683.jpg 1024w\" sizes=\"auto, (max-width: 663px) 100vw, 663px\" \/> <img loading=\"lazy\" decoding=\"async\" class=\"alignnone wp-image-366\" src=\"https:\/\/xn--schtzenverein-thalheim-ulc.de\/wp-content\/uploads\/2018\/08\/MG_2206-300x200.jpg\" alt=\"\" width=\"664\" height=\"442\" srcset=\"https:\/\/xn--schtzenverein-thalheim-ulc.de\/wp-content\/uploads\/2018\/08\/MG_2206-300x200.jpg 300w, https:\/\/xn--schtzenverein-thalheim-ulc.de\/wp-content\/uploads\/2018\/08\/MG_2206-768x512.jpg 768w, https:\/\/xn--schtzenverein-thalheim-ulc.de\/wp-content\/uploads\/2018\/08\/MG_2206-1024x683.jpg 1024w\" sizes=\"auto, (max-width: 664px) 100vw, 664px\" \/><img loading=\"lazy\" decoding=\"async\" class=\"alignnone wp-image-363\" src=\"https:\/\/xn--schtzenverein-thalheim-ulc.de\/wp-content\/uploads\/2018\/08\/MG_2168-300x200.jpg\" alt=\"\" width=\"527\" height=\"351\" srcset=\"https:\/\/xn--schtzenverein-thalheim-ulc.de\/wp-content\/uploads\/2018\/08\/MG_2168-300x200.jpg 300w, https:\/\/xn--schtzenverein-thalheim-ulc.de\/wp-content\/uploads\/2018\/08\/MG_2168-768x512.jpg 768w, https:\/\/xn--schtzenverein-thalheim-ulc.de\/wp-content\/uploads\/2018\/08\/MG_2168-1024x683.jpg 1024w\" sizes=\"auto, (max-width: 527px) 100vw, 527px\" \/><\/p>\n<p>Schie\u00dfstand mit Zuganlage<\/p>\n<p>5 St\u00e4nde<\/p>\n<p>Verschiedene Schie\u00dfmodi (z.B. Duell m\u00f6glich)<\/p>\n<h3>50m<\/h3>\n<p><img loading=\"lazy\" decoding=\"async\" class=\"alignnone wp-image-393\" src=\"https:\/\/xn--schtzenverein-thalheim-ulc.de\/wp-content\/uploads\/2018\/09\/MG_2276-300x200.jpg\" alt=\"\" width=\"663\" height=\"442\" srcset=\"https:\/\/xn--schtzenverein-thalheim-ulc.de\/wp-content\/uploads\/2018\/09\/MG_2276-300x200.jpg 300w, https:\/\/xn--schtzenverein-thalheim-ulc.de\/wp-content\/uploads\/2018\/09\/MG_2276-768x512.jpg 768w, https:\/\/xn--schtzenverein-thalheim-ulc.de\/wp-content\/uploads\/2018\/09\/MG_2276-1024x683.jpg 1024w\" sizes=\"auto, (max-width: 663px) 100vw, 663px\" \/><\/p>\n<p><img loading=\"lazy\" decoding=\"async\" class=\"alignnone wp-image-364\" src=\"https:\/\/xn--schtzenverein-thalheim-ulc.de\/wp-content\/uploads\/2018\/08\/MG_2170-300x200.jpg\" alt=\"\" width=\"527\" height=\"351\" srcset=\"https:\/\/xn--schtzenverein-thalheim-ulc.de\/wp-content\/uploads\/2018\/08\/MG_2170-300x200.jpg 300w, https:\/\/xn--schtzenverein-thalheim-ulc.de\/wp-content\/uploads\/2018\/08\/MG_2170-768x512.jpg 768w, https:\/\/xn--schtzenverein-thalheim-ulc.de\/wp-content\/uploads\/2018\/08\/MG_2170-1024x683.jpg 1024w\" sizes=\"auto, (max-width: 527px) 100vw, 527px\" \/><\/p>\n<p>Schie\u00dfstand mit Zuganlage<\/p>\n<p>4 St\u00e4nde<\/p>\n","protected":false},"excerpt":{"rendered":"<p>10m &nbsp; Schie\u00dfstand mit Scheibenzuganlage M\u00f6glichkeit f\u00fcr das &#8222;Schie\u00dfen&#8220; mit einem Lasergewehr 10 St\u00e4nde 25m Schie\u00dfstand mit Zuganlage 5 St\u00e4nde<\/p>\n","protected":false},"author":1,"featured_media":0,"parent":0,"menu_order":0,"comment_status":"closed","ping_status":"closed","template":"","meta":{"colormag_page_container_layout":"default_layout","colormag_page_sidebar_layout":"default_layout","footnotes":""},"class_list":["post-49","page","type-page","status-publish","hentry"],"_links":{"self":[{"href":"https:\/\/xn--schtzenverein-thalheim-ulc.de\/index.php?rest_route=\/wp\/v2\/pages\/49","targetHints":{"allow":["GET"]}}],"collection":[{"href":"https:\/\/xn--schtzenverein-thalheim-ulc.de\/index.php?rest_route=\/wp\/v2\/pages"}],"about":[{"href":"https:\/\/xn--schtzenverein-thalheim-ulc.de\/index.php?rest_route=\/wp\/v2\/types\/page"}],"author":[{"embeddable":true,"href":"https:\/\/xn--schtzenverein-thalheim-ulc.de\/index.php?rest_route=\/wp\/v2\/users\/1"}],"replies":[{"embeddable":true,"href":"https:\/\/xn--schtzenverein-thalheim-ulc.de\/index.php?rest_route=%2Fwp%2Fv2%2Fcomments&post=49"}],"version-history":[{"count":10,"href":"https:\/\/xn--schtzenverein-thalheim-ulc.de\/index.php?rest_route=\/wp\/v2\/pages\/49\/revisions"}],"predecessor-version":[{"id":403,"href":"https:\/\/xn--schtzenverein-thalheim-ulc.de\/index.php?rest_route=\/wp\/v2\/pages\/49\/revisions\/403"}],"wp:attachment":[{"href":"https:\/\/xn--schtzenverein-thalheim-ulc.de\/index.php?rest_route=%2Fwp%2Fv2%2Fmedia&parent=49"}],"curies":[{"name":"wp","href":"https:\/\/api.w.org\/{rel}","templated":true}]}}