{"id":38,"date":"2018-08-07T21:40:01","date_gmt":"2018-08-07T21:40:01","guid":{"rendered":"http:\/\/xn--schtzenverein-thalheim-ulc.de\/?page_id=38"},"modified":"2024-08-16T17:23:16","modified_gmt":"2024-08-16T17:23:16","slug":"kontakt","status":"publish","type":"page","link":"https:\/\/xn--schtzenverein-thalheim-ulc.de\/?page_id=38","title":{"rendered":"Kontakt"},"content":{"rendered":"<h6>Postadresse des Sch\u00fctzenvereins:<\/h6>\n<p>Sch\u00fctzenverein &#8222;Hubertus&#8220; 1908 Dornburg-Thalheim e.V.<\/p>\n<p>Sven Schneider<\/p>\n<p>Grabenstrasse 1<\/p>\n<p>65599 Dornburg-Thalheim<\/p>\n<h6>Kontakt:<\/h6>\n<p>Bei Fragen\/Anregungen\/W\u00fcnschen bez\u00fcglich dieser Webpr\u00e4senz wenden Sie sich bitte an unseren Admin:<\/p>\n<p>Name: Sven Schneider<\/p>\n<p>\u00a0<\/p>\n<p><img loading=\"lazy\" decoding=\"async\" class=\"alignnone size-medium wp-image-241\" src=\"https:\/\/xn--schtzenverein-thalheim-ulc.de\/wp-content\/uploads\/2018\/08\/Kontakt-300x225.jpg\" alt=\"\" width=\"300\" height=\"225\" srcset=\"https:\/\/xn--schtzenverein-thalheim-ulc.de\/wp-content\/uploads\/2018\/08\/Kontakt-300x225.jpg 300w, https:\/\/xn--schtzenverein-thalheim-ulc.de\/wp-content\/uploads\/2018\/08\/Kontakt-768x576.jpg 768w, https:\/\/xn--schtzenverein-thalheim-ulc.de\/wp-content\/uploads\/2018\/08\/Kontakt-1024x768.jpg 1024w, https:\/\/xn--schtzenverein-thalheim-ulc.de\/wp-content\/uploads\/2018\/08\/Kontakt.jpg 1920w\" sizes=\"auto, (max-width: 300px) 100vw, 300px\" \/><\/p>\n<p>Bei Anfragen bez\u00fcglich unseres Vereins wenden sie sich bitte mit diesem Kontakformular an unseren 1.Vorsitzenden:<code><\/code><\/p>\n<div class=\"wpforms-container wpforms-container-full\" id=\"wpforms-548\"><form id=\"wpforms-form-548\" class=\"wpforms-validate wpforms-form\" data-formid=\"548\" method=\"post\" enctype=\"multipart\/form-data\" action=\"\/index.php?rest_route=%2Fwp%2Fv2%2Fpages%2F38\" data-token=\"9834afe406c004708dce3d4d54fa42f7\" data-token-time=\"1777725786\"><noscript class=\"wpforms-error-noscript\">Bitte aktiviere JavaScript in deinem Browser, um dieses Formular fertigzustellen.<\/noscript><div class=\"wpforms-field-container\"><div id=\"wpforms-548-field_0-container\" class=\"wpforms-field wpforms-field-name\" data-field-id=\"0\"><label class=\"wpforms-field-label\">Name <span class=\"wpforms-required-label\">*<\/span><\/label><div class=\"wpforms-field-row wpforms-field-medium\"><div class=\"wpforms-field-row-block wpforms-first wpforms-one-half\"><input type=\"text\" id=\"wpforms-548-field_0\" class=\"wpforms-field-name-first wpforms-field-required\" name=\"wpforms[fields][0][first]\" required><label for=\"wpforms-548-field_0\" class=\"wpforms-field-sublabel after\">Vorname<\/label><\/div><div class=\"wpforms-field-row-block wpforms-one-half\"><input type=\"text\" id=\"wpforms-548-field_0-last\" class=\"wpforms-field-name-last wpforms-field-required\" name=\"wpforms[fields][0][last]\" required><label for=\"wpforms-548-field_0-last\" class=\"wpforms-field-sublabel after\">Nachname<\/label><\/div><\/div><\/div><div id=\"wpforms-548-field_1-container\" class=\"wpforms-field wpforms-field-email\" data-field-id=\"1\"><label class=\"wpforms-field-label\" for=\"wpforms-548-field_1\">E-Mail <span class=\"wpforms-required-label\">*<\/span><\/label><input type=\"email\" id=\"wpforms-548-field_1\" class=\"wpforms-field-medium wpforms-field-required\" name=\"wpforms[fields][1]\" spellcheck=\"false\" required><\/div><div id=\"wpforms-548-field_2-container\" class=\"wpforms-field wpforms-field-textarea\" data-field-id=\"2\"><label class=\"wpforms-field-label\" for=\"wpforms-548-field_2\">Kommentar oder Nachricht <span class=\"wpforms-required-label\">*<\/span><\/label><textarea id=\"wpforms-548-field_2\" class=\"wpforms-field-medium wpforms-field-required\" name=\"wpforms[fields][2]\" required><\/textarea><\/div><\/div><!-- .wpforms-field-container --><div class=\"wpforms-field wpforms-field-hp\"><label for=\"wpforms-548-field-hp\" class=\"wpforms-field-label\">Email<\/label><input type=\"text\" name=\"wpforms[hp]\" id=\"wpforms-548-field-hp\" class=\"wpforms-field-medium\"><\/div><div class=\"wpforms-submit-container\" ><input type=\"hidden\" name=\"wpforms[id]\" value=\"548\"><input type=\"hidden\" name=\"page_title\" value=\"\"><input type=\"hidden\" name=\"page_url\" value=\"https:\/\/xn--schtzenverein-thalheim-ulc.de\/index.php?rest_route=\/wp\/v2\/pages\/38\"><input type=\"hidden\" name=\"url_referer\" value=\"\"><button type=\"submit\" name=\"wpforms[submit]\" id=\"wpforms-submit-548\" class=\"wpforms-submit\" data-alt-text=\"Senden...\" data-submit-text=\"Absenden\" aria-live=\"assertive\" value=\"wpforms-submit\">Absenden<\/button><\/div><\/form><\/div>  <!-- .wpforms-container -->\n\n\n<p><\/p>\n","protected":false},"excerpt":{"rendered":"<p>Postadresse des Sch\u00fctzenvereins: Sch\u00fctzenverein &#8222;Hubertus&#8220; 1908 Dornburg-Thalheim e.V. Sven Schneider Grabenstrasse 1 65599 Dornburg-Thalheim Kontakt: Bei Fragen\/Anregungen\/W\u00fcnschen bez\u00fcglich dieser Webpr\u00e4senz<\/p>\n","protected":false},"author":1,"featured_media":0,"parent":0,"menu_order":0,"comment_status":"closed","ping_status":"closed","template":"","meta":{"colormag_page_container_layout":"default_layout","colormag_page_sidebar_layout":"default_layout","footnotes":""},"class_list":["post-38","page","type-page","status-publish","hentry"],"_links":{"self":[{"href":"https:\/\/xn--schtzenverein-thalheim-ulc.de\/index.php?rest_route=\/wp\/v2\/pages\/38","targetHints":{"allow":["GET"]}}],"collection":[{"href":"https:\/\/xn--schtzenverein-thalheim-ulc.de\/index.php?rest_route=\/wp\/v2\/pages"}],"about":[{"href":"https:\/\/xn--schtzenverein-thalheim-ulc.de\/index.php?rest_route=\/wp\/v2\/types\/page"}],"author":[{"embeddable":true,"href":"https:\/\/xn--schtzenverein-thalheim-ulc.de\/index.php?rest_route=\/wp\/v2\/users\/1"}],"replies":[{"embeddable":true,"href":"https:\/\/xn--schtzenverein-thalheim-ulc.de\/index.php?rest_route=%2Fwp%2Fv2%2Fcomments&post=38"}],"version-history":[{"count":14,"href":"https:\/\/xn--schtzenverein-thalheim-ulc.de\/index.php?rest_route=\/wp\/v2\/pages\/38\/revisions"}],"predecessor-version":[{"id":673,"href":"https:\/\/xn--schtzenverein-thalheim-ulc.de\/index.php?rest_route=\/wp\/v2\/pages\/38\/revisions\/673"}],"wp:attachment":[{"href":"https:\/\/xn--schtzenverein-thalheim-ulc.de\/index.php?rest_route=%2Fwp%2Fv2%2Fmedia&parent=38"}],"curies":[{"name":"wp","href":"https:\/\/api.w.org\/{rel}","templated":true}]}}