{"id":36,"date":"2018-08-07T21:39:17","date_gmt":"2018-08-07T21:39:17","guid":{"rendered":"http:\/\/xn--schtzenverein-thalheim-ulc.de\/?page_id=36"},"modified":"2018-09-10T21:35:11","modified_gmt":"2018-09-10T21:35:11","slug":"jugend","status":"publish","type":"page","link":"https:\/\/xn--schtzenverein-thalheim-ulc.de\/?page_id=36","title":{"rendered":"Jugend"},"content":{"rendered":"<h6>Auf dieser Seite finden sie Informationen zu unserer Jugendarbeit, sowie den rechtlichen Grunds\u00e4tzen des Sportschie\u00dfens f\u00fcr Jugendliche.<\/h6>\n<p><img loading=\"lazy\" decoding=\"async\" class=\"alignnone size-medium wp-image-263\" src=\"https:\/\/xn--schtzenverein-thalheim-ulc.de\/wp-content\/uploads\/2018\/08\/hubsi-orange-287x300.jpg\" alt=\"\" width=\"287\" height=\"300\" srcset=\"https:\/\/xn--schtzenverein-thalheim-ulc.de\/wp-content\/uploads\/2018\/08\/hubsi-orange-287x300.jpg 287w, https:\/\/xn--schtzenverein-thalheim-ulc.de\/wp-content\/uploads\/2018\/08\/hubsi-orange.jpg 350w\" sizes=\"auto, (max-width: 287px) 100vw, 287px\" \/> &lt;- unser Jugendmaskottchen &#8222;HUBSI&#8220;<\/p>\n<h3>Jugendarbeit:<\/h3>\n<p>Die Jugendarbeit wird in unserem Verein <strong>gro\u00df<\/strong>geschrieben.<\/p>\n<p>Wir legen sehr viel Wert auf die kindgerechte Ausbildung und Umgang mit Jugendlichen &#8211; und versuchen zum einen, den Spa\u00df der Jugendlichen nie zu kurz kommen zu lassen, und zum anderen, ihnen durch qualifiziertes Training zu vielen Erfolgsmomenten zu verhelfen.<\/p>\n<p>Sportschie\u00dfen bietet gerade f\u00fcr Kinder viele Vorteile im Vergleich zu anderen Sportarten:<\/p>\n<p><strong>&#8222;Die besonderen Vorz\u00fcge des Sportschie\u00dfens<\/strong><\/p>\n<p>Der Schie\u00dfsport bietet im Vergleich mit anderen Sportarten klare Vorteile.<br \/>\nIm Schie\u00dfsport erreicht man nicht durch Gr\u00f6\u00dfe, Kraft, Schnelligkeit, Alter oder Sch\u00f6nheit die Meisterschaft. In vielen anderen Sportarten ist die \u00dcberlegenheit zu einem gro\u00dfen Teil von der genetischen Erbschaft bedingt. Um in jenen Sportarten Erfolg zu haben, muss man entweder gro\u00df und stark oder drahtig und schnell sein. In manchen F\u00e4llen wird Sch\u00f6nheit oder \u201eWohlverhalten\u201c verlangt. Wettquoten k\u00f6nnen auch schon mal \u00fcber den Sieg entscheiden.<br \/>\nAuch die Farbwahl der Kleidung kann eine Rolle spielen.<br \/>\nIn vielen Sportarten muss man dem Gegner k\u00f6rperlich wehtun, um ihn am Punktemachen zu hindern. In anderen Sportarten werden Sportler so weit angetrieben, dass sie sich selber wehtun. Auch das Wohlwollen von Schieds- und Kampfrichtern muss man sich oft \u00fcber viele Jahre erarbeiten. Es gibt Sportarten, da ist man mit 19 Jahren schon zu alt oder mit 30 Jahren kommt das endg\u00fcltige Aus.<\/p>\n<p><strong>Sportschie\u00dfen ist anders<\/strong><\/p>\n<p>Beim Sportschie\u00dfen h\u00e4ngt der <strong>Sieg<\/strong> von der <strong>Klarheit des Denkens<\/strong> sowie von der jeweiligen mentalen <strong>Selbstbeherrschung<\/strong> ab. <strong><em>Weder<\/em><\/strong> <em>Sch\u00f6nheit<\/em>, noch <em>Schnelligkeit<\/em>, <em>St\u00e4rke<\/em>, <em>Gr\u00f6\u00dfe<\/em>, <em>Geschlecht<\/em> oder <em>Alter<\/em> spielen im Schie\u00dfsport die entscheidende Rolle.<\/p>\n<p>Der Erfolg ist abh\u00e4ngig von der Bereitschaft, in Training und Wettkampf immer dazu zu lernen. Nat\u00fcrlich sind Gesundheit und Ern\u00e4hrung ein wichtiger Baustein. Jeder Sch\u00fctze kann sich sein Ziel stecken und kann seinen Erfolg erleben, ohne einen Gegner niederzuringen.<\/p>\n<p>Beim Sportschie\u00dfen hat man Gelegenheit sich wertvolle Eigenschaften f\u00fcr das t\u00e4gliche Leben anzueignen, wie <strong>Nachdenken, Zielstrebigkeit, Planen, Organisieren, Konzentrieren, Urteilsf\u00e4higkeit oder Entschlossenheit<\/strong>. Wir trainieren hier Dinge, die ein ganzes Leben lang helfen werden.<\/p>\n<p>Sportschie\u00dfen ist olympisch. Man muss nicht im Kindesalter beginnen, der Einstieg bis ins \u201ehohe Alter\u201c ist m\u00f6glich. In welcher anderen Sportart starten 60- oder gar 70- j\u00e4hrige Sportler mit Leistungen von internationalem Niveau?<br \/>\nFrauen und M\u00e4nner starten in manchen Wettbewerben gemeinsam in Mannschaften.<br \/>\nEs ist eine Sportart f\u00fcr drinnen und drau\u00dfen, f\u00fcr Sommer und Winter.<br \/>\nTraining und Wettkampf finden nicht im Bereich der Schmerzgrenzen statt.<br \/>\n<em><strong>In vielen Sportarten werden k\u00f6rperlich Behinderte ausgegrenzt.<\/strong><\/em> Sportschie\u00dfen bietet hier besondere M\u00f6glichkeiten.<br \/>\nSportschie\u00dfen, ein Sport f\u00fcr <em>Jung und Alt<\/em>, <em>Mann und Frau<\/em>, <em>Klein und Gro\u00df<\/em>, <em>Dick und D\u00fcnn<\/em>, <em>Arm und Reich<\/em>. (Wobei Reichtum selten schadet)&#8220;<\/p>\n<p>(Quelle:https:\/\/www.ssv-tamm.org\/%C3%BCber-s-sportschie%C3%9Fen\/)<\/p>\n<p>&nbsp;<\/p>\n<p>Auch als <strong>Therapieform<\/strong> f\u00fcr <strong>ADHS <\/strong>ist Sportschie\u00dfen verbreitet und sogar <strong>erfolgreich<\/strong>, wie diese <a href=\"https:\/\/www.prosiebenmaxx.de\/tv\/prosieben-maxx-reportage\/video\/18-sportschiessen-als-therapie-clip?utm_source=facebook&amp;utm_medium=social&amp;utm_term=social_post&amp;utm_campaign=ProSiebenMAXX&amp;utm_content=20160121_18-sportschiessen-als-therapie-clip\">TV-Reportage<\/a> zeigt.<\/p>\n<p>(Quelle: https:\/\/hessischer-schuetzenverband.de\/Jugend\/InfothekDownloadsLinks.aspx)<\/p>\n<p>Unser Verein verf\u00fcgt \u00fcber<strong> 5 f\u00fcr die Jugendarbeit lizenzierte Mitglieder<\/strong> mit einer sogenannten &#8222;JugendBasisLizenz&#8220; des Hessischen Sch\u00fctzenverbandes. Diese ist gesetzlich zwingend f\u00fcr das Training auf einer Schie\u00dfst\u00e4tte mit Jugendlichen vorgeschrieben (siehe unter Rechtliches). Zu jedem Jugendtraining wird mindestens eine Aufsichtsperson mit einer solchen Qualifikation anwesend sein.<\/p>\n<p>Wir nehmen die Verantwortung, die sie, als Eltern, uns f\u00fcr ihre Kinder \u00fcbertragen sehr ernst.<\/p>\n<p>Jeder in unserem Verein ist auf ein gr\u00f6\u00dftm\u00f6gliches Wohl ihrer Kinder bedacht und handelt hinsichtlich der Sicherheitsvorkehrungen am Schie\u00dfstand mit gr\u00f6\u00dfter Sorgfalt.<\/p>\n<h3>Rechtliches:<\/h3>\n<p>&#8222;Nach dem am 1. April 2003 in Kraft getretenen Waffengesetz ist nach \u00a7 27 Abs. 3WaffG das Schie\u00dfen f\u00fcr Kinder und Jugendlichen nur gestattet, wenn dies unter Obhut einer zur Kinder- und Jugendarbeit geeigneten Person stattfindet. Diese Person muss auf der Schie\u00dfst\u00e4tte anwesend sein, f\u00fcr die Schie\u00dfausbildung leitend verantwortlich und berechtigt sein, der Aufsicht beim Sch\u00fctzen Weisungen zu erteilen oder die Aufsicht selbst zu \u00fcbernehmen (\u00a7 10 Abs. 5 AWaffV).&#8220; (Quelle: Hessischer Sch\u00fctzenverband)<\/p>\n<p>Rechtlich ist f\u00fcr Kinder <strong>unter 12 Jahren<\/strong> der Schie\u00dfsport verboten! Allerdings bieten wir in unserem Verein das &#8222;Schie\u00dfen&#8220; mit einem Lichtgewehr an, welches sein Ziel nicht mit Projektilen, sondern mit einem Laser trifft.<\/p>\n<p>Prinzipiell ben\u00f6tigen alle Minderj\u00e4hrige eine Einverst\u00e4ndniserkl\u00e4rung ihrer Eltern um am Sportschie\u00dfen teilnehmen zu k\u00f6nnen:<\/p>\n<p><a href=\"https:\/\/xn--schtzenverein-thalheim-ulc.de\/wp-content\/uploads\/2018\/08\/Einverstaendniserklaerung.pdf\">Einverstaendniserklaerung<\/a><\/p>\n<p>&nbsp;<\/p>\n<p>&nbsp;<\/p>\n","protected":false},"excerpt":{"rendered":"<p>Auf dieser Seite finden sie Informationen zu unserer Jugendarbeit, sowie den rechtlichen Grunds\u00e4tzen des Sportschie\u00dfens f\u00fcr Jugendliche. &lt;- unser Jugendmaskottchen<\/p>\n","protected":false},"author":1,"featured_media":0,"parent":0,"menu_order":0,"comment_status":"closed","ping_status":"closed","template":"","meta":{"colormag_page_container_layout":"default_layout","colormag_page_sidebar_layout":"default_layout","footnotes":""},"class_list":["post-36","page","type-page","status-publish","hentry"],"_links":{"self":[{"href":"https:\/\/xn--schtzenverein-thalheim-ulc.de\/index.php?rest_route=\/wp\/v2\/pages\/36","targetHints":{"allow":["GET"]}}],"collection":[{"href":"https:\/\/xn--schtzenverein-thalheim-ulc.de\/index.php?rest_route=\/wp\/v2\/pages"}],"about":[{"href":"https:\/\/xn--schtzenverein-thalheim-ulc.de\/index.php?rest_route=\/wp\/v2\/types\/page"}],"author":[{"embeddable":true,"href":"https:\/\/xn--schtzenverein-thalheim-ulc.de\/index.php?rest_route=\/wp\/v2\/users\/1"}],"replies":[{"embeddable":true,"href":"https:\/\/xn--schtzenverein-thalheim-ulc.de\/index.php?rest_route=%2Fwp%2Fv2%2Fcomments&post=36"}],"version-history":[{"count":16,"href":"https:\/\/xn--schtzenverein-thalheim-ulc.de\/index.php?rest_route=\/wp\/v2\/pages\/36\/revisions"}],"predecessor-version":[{"id":431,"href":"https:\/\/xn--schtzenverein-thalheim-ulc.de\/index.php?rest_route=\/wp\/v2\/pages\/36\/revisions\/431"}],"wp:attachment":[{"href":"https:\/\/xn--schtzenverein-thalheim-ulc.de\/index.php?rest_route=%2Fwp%2Fv2%2Fmedia&parent=36"}],"curies":[{"name":"wp","href":"https:\/\/api.w.org\/{rel}","templated":true}]}}