{"id":34,"date":"2018-08-07T21:39:06","date_gmt":"2018-08-07T21:39:06","guid":{"rendered":"http:\/\/xn--schtzenverein-thalheim-ulc.de\/?page_id=34"},"modified":"2018-09-03T13:52:31","modified_gmt":"2018-09-03T13:52:31","slug":"fotogalerie","status":"publish","type":"page","link":"https:\/\/xn--schtzenverein-thalheim-ulc.de\/?page_id=34","title":{"rendered":"Fotogalerie"},"content":{"rendered":"<div class='polaroid-gallery galleryid-34' style='width:510px;'>\n\t\t\t<a href=\"https:\/\/xn--schtzenverein-thalheim-ulc.de\/wp-content\/uploads\/2018\/08\/Sch\u00fctzenhaus-1024x768.jpg\" title=\"Unser Sch\u00fctzenhaus im strahlenden Sonnenschein\" rel=\"polaroid_50832964\" class=\"polaroid-gallery-item showcaption\"><span class=\"polaroid-gallery-image\" title=\"Unser Sch\u00fctzenhaus im strahlenden Sonnenschein\" style=\"background-image: url(https:\/\/xn--schtzenverein-thalheim-ulc.de\/wp-content\/uploads\/2018\/08\/Sch\u00fctzenhaus-150x150.jpg); width: 150px; height: 150px;\"><\/span><\/a>\n\t\t\t<a href=\"https:\/\/xn--schtzenverein-thalheim-ulc.de\/wp-content\/uploads\/2018\/08\/MG_2140-1024x683.jpg\" title=\"Die 10m Schie\u00dfbahn &#8230;\" rel=\"polaroid_50832964\" class=\"polaroid-gallery-item showcaption\"><span class=\"polaroid-gallery-image\" title=\"Die 10m Schie\u00dfbahn &#8230;\" style=\"background-image: url(https:\/\/xn--schtzenverein-thalheim-ulc.de\/wp-content\/uploads\/2018\/08\/MG_2140-150x150.jpg); width: 150px; height: 150px;\"><\/span><\/a>\n\t\t\t<a href=\"https:\/\/xn--schtzenverein-thalheim-ulc.de\/wp-content\/uploads\/2018\/08\/MG_2134-1024x683.jpg\" title=\"&#8230; mit 10 St\u00e4nden\" rel=\"polaroid_50832964\" class=\"polaroid-gallery-item showcaption\"><span class=\"polaroid-gallery-image\" title=\"&#8230; mit 10 St\u00e4nden\" style=\"background-image: url(https:\/\/xn--schtzenverein-thalheim-ulc.de\/wp-content\/uploads\/2018\/08\/MG_2134-150x150.jpg); width: 150px; height: 150px;\"><\/span><\/a>\n\t\t\t<br style=\"clear: both;\" \/>\n\t\t\t<a href=\"https:\/\/xn--schtzenverein-thalheim-ulc.de\/wp-content\/uploads\/2018\/08\/MG_2198-1024x683.jpg\" title=\"Die Sch\u00fctzen Alexej Allmann und Steffen J\u00fcnger im Anschlag\" rel=\"polaroid_50832964\" class=\"polaroid-gallery-item showcaption\"><span class=\"polaroid-gallery-image\" title=\"Die Sch\u00fctzen Alexej Allmann und Steffen J\u00fcnger im Anschlag\" style=\"background-image: url(https:\/\/xn--schtzenverein-thalheim-ulc.de\/wp-content\/uploads\/2018\/08\/MG_2198-150x150.jpg); width: 150px; height: 150px;\"><\/span><\/a>\n\t\t\t<a href=\"https:\/\/xn--schtzenverein-thalheim-ulc.de\/wp-content\/uploads\/2018\/08\/MG_2193-1024x683.jpg\" title=\"Das Ziel ist trotz der 10m ziemlich klein.\" rel=\"polaroid_50832964\" class=\"polaroid-gallery-item showcaption\"><span class=\"polaroid-gallery-image\" title=\"Das Ziel ist trotz der 10m ziemlich klein&#8230;\" style=\"background-image: url(https:\/\/xn--schtzenverein-thalheim-ulc.de\/wp-content\/uploads\/2018\/08\/MG_2193-150x150.jpg); width: 150px; height: 150px;\"><\/span><\/a>\n\t\t\t<a href=\"https:\/\/xn--schtzenverein-thalheim-ulc.de\/wp-content\/uploads\/2018\/08\/MG_2176-e1533993968541-683x1024.jpg\" title=\"Alexej pr\u00e4sentiert uns seine Schie\u00dfausr\u00fcstung.\" rel=\"polaroid_50832964\" class=\"polaroid-gallery-item showcaption\"><span class=\"polaroid-gallery-image\" title=\"Alexej pr\u00e4sentiert uns seine Schie\u00dfausr\u00fcstung.\" style=\"background-image: url(https:\/\/xn--schtzenverein-thalheim-ulc.de\/wp-content\/uploads\/2018\/08\/MG_2176-e1533993968541-150x150.jpg); width: 150px; height: 150px;\"><\/span><\/a>\n\t\t\t<br style=\"clear: both;\" \/>\n\t\t\t<a href=\"https:\/\/xn--schtzenverein-thalheim-ulc.de\/wp-content\/uploads\/2018\/09\/MG_2260-1024x683.jpg\" title=\"Der 25m Stand f\u00fcr Kurzwaffen&#8230;\" rel=\"polaroid_50832964\" class=\"polaroid-gallery-item showcaption\"><span class=\"polaroid-gallery-image\" title=\"Der 25m Stand f\u00fcr Kurzwaffen&#8230;\" style=\"background-image: url(https:\/\/xn--schtzenverein-thalheim-ulc.de\/wp-content\/uploads\/2018\/09\/MG_2260-150x150.jpg); width: 150px; height: 150px;\"><\/span><\/a>\n\t\t\t<a href=\"https:\/\/xn--schtzenverein-thalheim-ulc.de\/wp-content\/uploads\/2018\/08\/MG_2201-1024x683.jpg\" title=\"&#8230;\" rel=\"polaroid_50832964\" class=\"polaroid-gallery-item showcaption\"><span class=\"polaroid-gallery-image\" title=\"&#8230; mit 5 St\u00e4nden &#8230;\" style=\"background-image: url(https:\/\/xn--schtzenverein-thalheim-ulc.de\/wp-content\/uploads\/2018\/08\/MG_2201-150x150.jpg); width: 150px; height: 150px;\"><\/span><\/a>\n\t\t\t<a href=\"https:\/\/xn--schtzenverein-thalheim-ulc.de\/wp-content\/uploads\/2018\/08\/MG_2205-e1533993807681-683x1024.jpg\" title=\"&#8230;\" rel=\"polaroid_50832964\" class=\"polaroid-gallery-item showcaption\"><span class=\"polaroid-gallery-image\" title=\"&#8230;\" style=\"background-image: url(https:\/\/xn--schtzenverein-thalheim-ulc.de\/wp-content\/uploads\/2018\/08\/MG_2205-e1533993807681-150x150.jpg); width: 150px; height: 150px;\"><\/span><\/a>\n\t\t\t<br style=\"clear: both;\" \/>\n\t\t\t<a href=\"https:\/\/xn--schtzenverein-thalheim-ulc.de\/wp-content\/uploads\/2018\/08\/MG_2224-1024x683.jpg\" title=\"hier ist sogar das Schie\u00dfen&#8230;\" rel=\"polaroid_50832964\" class=\"polaroid-gallery-item showcaption\"><span class=\"polaroid-gallery-image\" title=\"hier ist sogar das Schie\u00dfen&#8230;\" style=\"background-image: url(https:\/\/xn--schtzenverein-thalheim-ulc.de\/wp-content\/uploads\/2018\/08\/MG_2224-150x150.jpg); width: 150px; height: 150px;\"><\/span><\/a>\n\t\t\t<a href=\"https:\/\/xn--schtzenverein-thalheim-ulc.de\/wp-content\/uploads\/2018\/08\/MG_2208-1024x683.jpg\" title=\"mit Gro\u00dfkaliber erlaubt\" rel=\"polaroid_50832964\" class=\"polaroid-gallery-item showcaption\"><span class=\"polaroid-gallery-image\" title=\"mit Gro\u00dfkaliber erlaubt\" style=\"background-image: url(https:\/\/xn--schtzenverein-thalheim-ulc.de\/wp-content\/uploads\/2018\/08\/MG_2208-150x150.jpg); width: 150px; height: 150px;\"><\/span><\/a>\n\t\t\t<a href=\"https:\/\/xn--schtzenverein-thalheim-ulc.de\/wp-content\/uploads\/2018\/08\/MG_2206-1024x683.jpg\" title=\"Und auch hier gilt wieder: Man braucht eine ruhige Hand f\u00fcr das kleine Ziel.\" rel=\"polaroid_50832964\" class=\"polaroid-gallery-item showcaption\"><span class=\"polaroid-gallery-image\" title=\"Und auch hier gilt wieder: Man braucht eine ruhige Hand f\u00fcr das kleine Ziel.\" style=\"background-image: url(https:\/\/xn--schtzenverein-thalheim-ulc.de\/wp-content\/uploads\/2018\/08\/MG_2206-150x150.jpg); width: 150px; height: 150px;\"><\/span><\/a>\n\t\t\t<br style=\"clear: both;\" \/>\n\t\t\t<a href=\"https:\/\/xn--schtzenverein-thalheim-ulc.de\/wp-content\/uploads\/2018\/09\/MG_2274-1024x683.jpg\" title=\"Munition im Gro\u00dfkaliber &#8230;\" rel=\"polaroid_50832964\" class=\"polaroid-gallery-item showcaption\"><span class=\"polaroid-gallery-image\" title=\"Munition im Gro\u00dfkaliber &#8230;\" style=\"background-image: url(https:\/\/xn--schtzenverein-thalheim-ulc.de\/wp-content\/uploads\/2018\/09\/MG_2274-150x150.jpg); width: 150px; height: 150px;\"><\/span><\/a>\n\t\t\t<a href=\"https:\/\/xn--schtzenverein-thalheim-ulc.de\/wp-content\/uploads\/2018\/09\/MG_2273-1024x683.jpg\" title=\"&#8230; sorgt schon f\u00fcr einen ansehnlichen Feuerball\" rel=\"polaroid_50832964\" class=\"polaroid-gallery-item showcaption\"><span class=\"polaroid-gallery-image\" title=\"&#8230; sorgt schon f\u00fcr einen ansehnlichen Feuerball.\" style=\"background-image: url(https:\/\/xn--schtzenverein-thalheim-ulc.de\/wp-content\/uploads\/2018\/09\/MG_2273-150x150.jpg); width: 150px; height: 150px;\"><\/span><\/a>\n\t\t\t<a href=\"https:\/\/xn--schtzenverein-thalheim-ulc.de\/wp-content\/uploads\/2018\/09\/MG_2261-1024x683.jpg\" title=\"Und so sieht ein Schu\u00dfbild einer KK Kurzwaffe aus.\" rel=\"polaroid_50832964\" class=\"polaroid-gallery-item showcaption\"><span class=\"polaroid-gallery-image\" title=\"Und so sieht ein Schu\u00dfbild einer KK Kurzwaffe aus.\" style=\"background-image: url(https:\/\/xn--schtzenverein-thalheim-ulc.de\/wp-content\/uploads\/2018\/09\/MG_2261-150x150.jpg); width: 150px; height: 150px;\"><\/span><\/a>\n\t\t\t<br style=\"clear: both;\" \/>\n\t\t\t<a href=\"https:\/\/xn--schtzenverein-thalheim-ulc.de\/wp-content\/uploads\/2018\/09\/MG_2276-1024x683.jpg\" title=\"Der 50m Stand f\u00fcr Langwaffen.\" rel=\"polaroid_50832964\" class=\"polaroid-gallery-item showcaption\"><span class=\"polaroid-gallery-image\" title=\"Der 50m Stand f\u00fcr Langwaffen.\" style=\"background-image: url(https:\/\/xn--schtzenverein-thalheim-ulc.de\/wp-content\/uploads\/2018\/09\/MG_2276-150x150.jpg); width: 150px; height: 150px;\"><\/span><\/a>\n\t\t\t<br style=\"clear: both;\" \/><\/div>\n\n","protected":false},"excerpt":{"rendered":"","protected":false},"author":1,"featured_media":0,"parent":0,"menu_order":0,"comment_status":"closed","ping_status":"closed","template":"","meta":{"colormag_page_container_layout":"default_layout","colormag_page_sidebar_layout":"default_layout","footnotes":""},"class_list":["post-34","page","type-page","status-publish","hentry"],"_links":{"self":[{"href":"https:\/\/xn--schtzenverein-thalheim-ulc.de\/index.php?rest_route=\/wp\/v2\/pages\/34","targetHints":{"allow":["GET"]}}],"collection":[{"href":"https:\/\/xn--schtzenverein-thalheim-ulc.de\/index.php?rest_route=\/wp\/v2\/pages"}],"about":[{"href":"https:\/\/xn--schtzenverein-thalheim-ulc.de\/index.php?rest_route=\/wp\/v2\/types\/page"}],"author":[{"embeddable":true,"href":"https:\/\/xn--schtzenverein-thalheim-ulc.de\/index.php?rest_route=\/wp\/v2\/users\/1"}],"replies":[{"embeddable":true,"href":"https:\/\/xn--schtzenverein-thalheim-ulc.de\/index.php?rest_route=%2Fwp%2Fv2%2Fcomments&post=34"}],"version-history":[{"count":3,"href":"https:\/\/xn--schtzenverein-thalheim-ulc.de\/index.php?rest_route=\/wp\/v2\/pages\/34\/revisions"}],"predecessor-version":[{"id":404,"href":"https:\/\/xn--schtzenverein-thalheim-ulc.de\/index.php?rest_route=\/wp\/v2\/pages\/34\/revisions\/404"}],"wp:attachment":[{"href":"https:\/\/xn--schtzenverein-thalheim-ulc.de\/index.php?rest_route=%2Fwp%2Fv2%2Fmedia&parent=34"}],"curies":[{"name":"wp","href":"https:\/\/api.w.org\/{rel}","templated":true}]}}