{"id":22,"date":"2018-08-07T21:36:58","date_gmt":"2018-08-07T21:36:58","guid":{"rendered":"http:\/\/xn--schtzenverein-thalheim-ulc.de\/?page_id=22"},"modified":"2024-08-16T17:25:09","modified_gmt":"2024-08-16T17:25:09","slug":"vorstand","status":"publish","type":"page","link":"https:\/\/xn--schtzenverein-thalheim-ulc.de\/?page_id=22","title":{"rendered":"Vorstand"},"content":{"rendered":"<h5><a href=\"https:\/\/xn--schtzenverein-thalheim-ulc.de\/?page_id=22\"><em>Gesch\u00e4ftsf\u00fchrend:<\/em><\/a><\/h5>\n<h6><em>1.Vorsitzender<\/em><\/h6>\n<ul>\n<li>Sven Schneider<\/li>\n<\/ul>\n<h6><em>Kassierer<\/em><\/h6>\n<ul>\n<li>Alexej Allman<\/li>\n<\/ul>\n<h5><a href=\"https:\/\/xn--schtzenverein-thalheim-ulc.de\/?page_id=22\"><em>Begleitend:<\/em><\/a><\/h5>\n<h6>2. Vorsitzender<\/h6>\n<p>Thomas Melbaum<\/p>\n<h6>Schriftf\u00fchrer<\/h6>\n<p>Annika Liesering<\/p>\n<h6>Schie\u00dfleiter<\/h6>\n<p>Michael Hofmann<\/p>\n<h3><\/h3>\n<h3><\/h3>\n","protected":false},"excerpt":{"rendered":"<p>Gesch\u00e4ftsf\u00fchrend: 1.Vorsitzender Sven Schneider Kassierer Alexej Allman Begleitend: 2. Vorsitzender Thomas Melbaum Schriftf\u00fchrer Annika Liesering Schie\u00dfleiter Michael Hofmann<\/p>\n","protected":false},"author":1,"featured_media":0,"parent":0,"menu_order":0,"comment_status":"closed","ping_status":"closed","template":"","meta":{"colormag_page_container_layout":"default_layout","colormag_page_sidebar_layout":"default_layout","footnotes":""},"class_list":["post-22","page","type-page","status-publish","hentry"],"_links":{"self":[{"href":"https:\/\/xn--schtzenverein-thalheim-ulc.de\/index.php?rest_route=\/wp\/v2\/pages\/22","targetHints":{"allow":["GET"]}}],"collection":[{"href":"https:\/\/xn--schtzenverein-thalheim-ulc.de\/index.php?rest_route=\/wp\/v2\/pages"}],"about":[{"href":"https:\/\/xn--schtzenverein-thalheim-ulc.de\/index.php?rest_route=\/wp\/v2\/types\/page"}],"author":[{"embeddable":true,"href":"https:\/\/xn--schtzenverein-thalheim-ulc.de\/index.php?rest_route=\/wp\/v2\/users\/1"}],"replies":[{"embeddable":true,"href":"https:\/\/xn--schtzenverein-thalheim-ulc.de\/index.php?rest_route=%2Fwp%2Fv2%2Fcomments&post=22"}],"version-history":[{"count":15,"href":"https:\/\/xn--schtzenverein-thalheim-ulc.de\/index.php?rest_route=\/wp\/v2\/pages\/22\/revisions"}],"predecessor-version":[{"id":675,"href":"https:\/\/xn--schtzenverein-thalheim-ulc.de\/index.php?rest_route=\/wp\/v2\/pages\/22\/revisions\/675"}],"wp:attachment":[{"href":"https:\/\/xn--schtzenverein-thalheim-ulc.de\/index.php?rest_route=%2Fwp%2Fv2%2Fmedia&parent=22"}],"curies":[{"name":"wp","href":"https:\/\/api.w.org\/{rel}","templated":true}]}}