{"id":207,"date":"2018-08-08T16:18:26","date_gmt":"2018-08-08T16:18:26","guid":{"rendered":"http:\/\/xn--schtzenverein-thalheim-ulc.de\/?page_id=207"},"modified":"2018-08-11T13:09:53","modified_gmt":"2018-08-11T13:09:53","slug":"gk-langwaffe","status":"publish","type":"page","link":"https:\/\/xn--schtzenverein-thalheim-ulc.de\/?page_id=207","title":{"rendered":"KK &#8211; Sportgewehr"},"content":{"rendered":"<h3>Kleinkalibergewehr ( 50 m )<\/h3>\n<p><img loading=\"lazy\" decoding=\"async\" class=\"alignnone  wp-image-326\" src=\"https:\/\/xn--schtzenverein-thalheim-ulc.de\/wp-content\/uploads\/2018\/08\/MG_2149-300x200.jpg\" alt=\"\" width=\"659\" height=\"439\" srcset=\"https:\/\/xn--schtzenverein-thalheim-ulc.de\/wp-content\/uploads\/2018\/08\/MG_2149-300x200.jpg 300w, https:\/\/xn--schtzenverein-thalheim-ulc.de\/wp-content\/uploads\/2018\/08\/MG_2149-768x512.jpg 768w, https:\/\/xn--schtzenverein-thalheim-ulc.de\/wp-content\/uploads\/2018\/08\/MG_2149-1024x683.jpg 1024w\" sizes=\"auto, (max-width: 659px) 100vw, 659px\" \/><\/p>\n<p>Bei der Waffe handelt es sich um Kleinkalibergewehre (Einzellader) jeder Art mit einem Kaliber von maximal 5,6 mm (.22 lfb) und einem H\u00f6chstgewicht inkl. Zubeh\u00f6r von maximal 6,5 kg. Abzug und Schaft beliebig. Laufbeschwerung (innerhalb des zul\u00e4ssigen Gesamtgewichtes), Daumenauflage und verstellbare Kolbenkappe sind gestattet.<\/p>\n<p>Als Munition werden handels\u00fcbliche Randfeuerpatronen im Kaliber 5,6 mm verwendet.<\/p>\n<p>In folgenden Anschlagarten gibt es Wettk\u00e4mpfe bzw. Meisterschaften a) Dreistellungskampf je 1\/3 des Schusspensums im liegenden, stehenden und knienden Anschlag, b) Liegendkampf gesamtes Schusspensum im liegenden Anschlag.<\/p>\n<p>Folgende Programme werden geschossen: a) Dreistellungskampf 60 Schuss, davon 20 Schuss liegend, 20 Schuss stehend und 20 Schuss kniend in einer Gesamtschie\u00dfzeit von 150 Minuten inkl. Probesch\u00fcsse. Bei Rundenwettk\u00e4mpfen wird die Schusszahl halbiert.<\/p>\n<p>b) Liegendkampf 60 Schuss in einer Gesamtschie\u00dfzeit von 90 Minuten inkl. Probesch\u00fcssen.<\/p>\n<p>Im liegenden und knienden Anschlag ist die Zuhilfenahme eines Gewehrriemens gestattet, im knienden Anschlag darf au\u00dferdem eine Kniendrolle unter den Spann des Fu\u00dfes gelegt werden.<\/p>\n","protected":false},"excerpt":{"rendered":"<p>Kleinkalibergewehr ( 50 m ) Bei der Waffe handelt es sich um Kleinkalibergewehre (Einzellader) jeder Art mit einem Kaliber von<\/p>\n","protected":false},"author":1,"featured_media":0,"parent":0,"menu_order":0,"comment_status":"closed","ping_status":"closed","template":"","meta":{"colormag_page_container_layout":"default_layout","colormag_page_sidebar_layout":"default_layout","footnotes":""},"class_list":["post-207","page","type-page","status-publish","hentry"],"_links":{"self":[{"href":"https:\/\/xn--schtzenverein-thalheim-ulc.de\/index.php?rest_route=\/wp\/v2\/pages\/207","targetHints":{"allow":["GET"]}}],"collection":[{"href":"https:\/\/xn--schtzenverein-thalheim-ulc.de\/index.php?rest_route=\/wp\/v2\/pages"}],"about":[{"href":"https:\/\/xn--schtzenverein-thalheim-ulc.de\/index.php?rest_route=\/wp\/v2\/types\/page"}],"author":[{"embeddable":true,"href":"https:\/\/xn--schtzenverein-thalheim-ulc.de\/index.php?rest_route=\/wp\/v2\/users\/1"}],"replies":[{"embeddable":true,"href":"https:\/\/xn--schtzenverein-thalheim-ulc.de\/index.php?rest_route=%2Fwp%2Fv2%2Fcomments&post=207"}],"version-history":[{"count":4,"href":"https:\/\/xn--schtzenverein-thalheim-ulc.de\/index.php?rest_route=\/wp\/v2\/pages\/207\/revisions"}],"predecessor-version":[{"id":353,"href":"https:\/\/xn--schtzenverein-thalheim-ulc.de\/index.php?rest_route=\/wp\/v2\/pages\/207\/revisions\/353"}],"wp:attachment":[{"href":"https:\/\/xn--schtzenverein-thalheim-ulc.de\/index.php?rest_route=%2Fwp%2Fv2%2Fmedia&parent=207"}],"curies":[{"name":"wp","href":"https:\/\/api.w.org\/{rel}","templated":true}]}}