{"id":205,"date":"2018-08-08T16:18:15","date_gmt":"2018-08-08T16:18:15","guid":{"rendered":"http:\/\/xn--schtzenverein-thalheim-ulc.de\/?page_id=205"},"modified":"2018-09-03T13:39:52","modified_gmt":"2018-09-03T13:39:52","slug":"gk-kurzwaffe","status":"publish","type":"page","link":"https:\/\/xn--schtzenverein-thalheim-ulc.de\/?page_id=205","title":{"rendered":"GK &#8211; Kurzwaffe"},"content":{"rendered":"<p><img loading=\"lazy\" decoding=\"async\" class=\"alignnone wp-image-327\" src=\"https:\/\/xn--schtzenverein-thalheim-ulc.de\/wp-content\/uploads\/2018\/08\/MG_2156-300x200.jpg\" alt=\"\" width=\"665\" height=\"443\" srcset=\"https:\/\/xn--schtzenverein-thalheim-ulc.de\/wp-content\/uploads\/2018\/08\/MG_2156-300x200.jpg 300w, https:\/\/xn--schtzenverein-thalheim-ulc.de\/wp-content\/uploads\/2018\/08\/MG_2156-768x512.jpg 768w, https:\/\/xn--schtzenverein-thalheim-ulc.de\/wp-content\/uploads\/2018\/08\/MG_2156-1024x683.jpg 1024w\" sizes=\"auto, (max-width: 665px) 100vw, 665px\" \/><\/p>\n<p>&nbsp;<\/p>\n<ul>\n<li><strong>Waffe:<\/strong> (Pistole 9mm und 45. ACP \/ Revolver .357 Mag und .44 Mag)<br \/>\nzugelassen sind Pistolen und Revolver in verschiedenen Wertungsklassen mit einem Maximalgewicht von 1500 g, Abzugsgewicht mindestens 1000 g, Magazin-\/Trommelkapazit\u00e4t mindestens f\u00fcnf Patronen<\/li>\n<li><strong>Munition:<\/strong> handels\u00fcbliche (auch selbstgeladene) Munition, die den geforderten Mindestimpuls (MIP) erreicht, die Munition muss waffentypisch sein (das hei\u00dft f\u00fcr Pistolen Patronen ohne Rand, f\u00fcr Revolver Patronen mit Rand)<\/li>\n<li><strong>Entfernung:<\/strong> 25 m<\/li>\n<li><strong>Scheiben:<\/strong> Dreh- oder Standscheiben<\/li>\n<li><strong>Anschlag:<\/strong> stehend freih\u00e4ndig, die Waffe darf mit zwei H\u00e4nden gehalten werden, es darf im Voranschlag geschossen werden<\/li>\n<li><strong>Programme:<br \/>\na)<\/strong> 40 Schuss bestehend aus zwei Durchg\u00e4ngen zu je 20 Schuss, vier Serien \u00e0 f\u00fcnf Schuss in je 150 Sekunden \u2013 Scheibe wie Freie Pistole 50 m<br \/>\n<strong>b)<\/strong> vier Serien \u00e0 f\u00fcnf Schuss in je 20 Sekunden \u2013 Scheibe wie Olympische Schnellfeuerpistole 25 m<\/li>\n<\/ul>\n<p>&nbsp;<\/p>\n<p><img loading=\"lazy\" decoding=\"async\" class=\"alignnone wp-image-365\" src=\"https:\/\/xn--schtzenverein-thalheim-ulc.de\/wp-content\/uploads\/2018\/08\/MG_2205-e1533993807681-200x300.jpg\" alt=\"\" width=\"354\" height=\"531\" srcset=\"https:\/\/xn--schtzenverein-thalheim-ulc.de\/wp-content\/uploads\/2018\/08\/MG_2205-e1533993807681-200x300.jpg 200w, https:\/\/xn--schtzenverein-thalheim-ulc.de\/wp-content\/uploads\/2018\/08\/MG_2205-e1533993807681-768x1152.jpg 768w, https:\/\/xn--schtzenverein-thalheim-ulc.de\/wp-content\/uploads\/2018\/08\/MG_2205-e1533993807681-683x1024.jpg 683w\" sizes=\"auto, (max-width: 354px) 100vw, 354px\" \/><\/p>\n<p>Hier ein Bild der Schu\u00dfabgabe einer Pistole im Kaliber 9mm Luger:<\/p>\n<p>&nbsp;<\/p>\n<p><img loading=\"lazy\" decoding=\"async\" class=\"alignnone  wp-image-392\" src=\"https:\/\/xn--schtzenverein-thalheim-ulc.de\/wp-content\/uploads\/2018\/09\/MG_2274-300x200.jpg\" alt=\"\" width=\"387\" height=\"258\" srcset=\"https:\/\/xn--schtzenverein-thalheim-ulc.de\/wp-content\/uploads\/2018\/09\/MG_2274-300x200.jpg 300w, https:\/\/xn--schtzenverein-thalheim-ulc.de\/wp-content\/uploads\/2018\/09\/MG_2274-768x512.jpg 768w, https:\/\/xn--schtzenverein-thalheim-ulc.de\/wp-content\/uploads\/2018\/09\/MG_2274-1024x683.jpg 1024w\" sizes=\"auto, (max-width: 387px) 100vw, 387px\" \/><img loading=\"lazy\" decoding=\"async\" class=\"alignnone wp-image-355\" src=\"https:\/\/xn--schtzenverein-thalheim-ulc.de\/wp-content\/uploads\/2018\/08\/MG_2208-300x200.jpg\" alt=\"\" width=\"387\" height=\"258\" srcset=\"https:\/\/xn--schtzenverein-thalheim-ulc.de\/wp-content\/uploads\/2018\/08\/MG_2208-300x200.jpg 300w, https:\/\/xn--schtzenverein-thalheim-ulc.de\/wp-content\/uploads\/2018\/08\/MG_2208-768x512.jpg 768w, https:\/\/xn--schtzenverein-thalheim-ulc.de\/wp-content\/uploads\/2018\/08\/MG_2208-1024x683.jpg 1024w\" sizes=\"auto, (max-width: 387px) 100vw, 387px\" \/><\/p>\n","protected":false},"excerpt":{"rendered":"<p>&nbsp; Waffe: (Pistole 9mm und 45. ACP \/ Revolver .357 Mag und .44 Mag) zugelassen sind Pistolen und Revolver in<\/p>\n","protected":false},"author":1,"featured_media":0,"parent":0,"menu_order":0,"comment_status":"closed","ping_status":"closed","template":"","meta":{"colormag_page_container_layout":"default_layout","colormag_page_sidebar_layout":"default_layout","footnotes":""},"class_list":["post-205","page","type-page","status-publish","hentry"],"_links":{"self":[{"href":"https:\/\/xn--schtzenverein-thalheim-ulc.de\/index.php?rest_route=\/wp\/v2\/pages\/205","targetHints":{"allow":["GET"]}}],"collection":[{"href":"https:\/\/xn--schtzenverein-thalheim-ulc.de\/index.php?rest_route=\/wp\/v2\/pages"}],"about":[{"href":"https:\/\/xn--schtzenverein-thalheim-ulc.de\/index.php?rest_route=\/wp\/v2\/types\/page"}],"author":[{"embeddable":true,"href":"https:\/\/xn--schtzenverein-thalheim-ulc.de\/index.php?rest_route=\/wp\/v2\/users\/1"}],"replies":[{"embeddable":true,"href":"https:\/\/xn--schtzenverein-thalheim-ulc.de\/index.php?rest_route=%2Fwp%2Fv2%2Fcomments&post=205"}],"version-history":[{"count":5,"href":"https:\/\/xn--schtzenverein-thalheim-ulc.de\/index.php?rest_route=\/wp\/v2\/pages\/205\/revisions"}],"predecessor-version":[{"id":401,"href":"https:\/\/xn--schtzenverein-thalheim-ulc.de\/index.php?rest_route=\/wp\/v2\/pages\/205\/revisions\/401"}],"wp:attachment":[{"href":"https:\/\/xn--schtzenverein-thalheim-ulc.de\/index.php?rest_route=%2Fwp%2Fv2%2Fmedia&parent=205"}],"curies":[{"name":"wp","href":"https:\/\/api.w.org\/{rel}","templated":true}]}}