{"id":203,"date":"2018-08-08T16:17:52","date_gmt":"2018-08-08T16:17:52","guid":{"rendered":"http:\/\/xn--schtzenverein-thalheim-ulc.de\/?page_id=203"},"modified":"2018-09-03T13:35:53","modified_gmt":"2018-09-03T13:35:53","slug":"kk-sportpistole","status":"publish","type":"page","link":"https:\/\/xn--schtzenverein-thalheim-ulc.de\/?page_id=203","title":{"rendered":"KK &#8211; Sportpistole"},"content":{"rendered":"<h3>Die Sportpistole Kleinkaliber ( 25 m )<\/h3>\n<p><img loading=\"lazy\" decoding=\"async\" class=\"alignnone wp-image-346\" src=\"https:\/\/xn--schtzenverein-thalheim-ulc.de\/wp-content\/uploads\/2018\/08\/MG_2145-300x200.jpg\" alt=\"\" width=\"665\" height=\"443\" srcset=\"https:\/\/xn--schtzenverein-thalheim-ulc.de\/wp-content\/uploads\/2018\/08\/MG_2145-300x200.jpg 300w, https:\/\/xn--schtzenverein-thalheim-ulc.de\/wp-content\/uploads\/2018\/08\/MG_2145-768x512.jpg 768w, https:\/\/xn--schtzenverein-thalheim-ulc.de\/wp-content\/uploads\/2018\/08\/MG_2145-1024x683.jpg 1024w\" sizes=\"auto, (max-width: 665px) 100vw, 665px\" \/><\/p>\n<p>Bei der Waffe handelt es sich um zugelassene Revolver oder selbstladende Pistolen, die den Sicherheitsvorschriften entsprechen, im Kaliber 5,6 mm.<\/p>\n<p>Die maximale Laufl\u00e4nge darf 153 mm nicht \u00fcberschreiten, bei Revolvern mu\u00df die Laufl\u00e4nge mindestens 100 mm betragen. Das Gewicht der ungeladenen Waffe mit Magazin und Zubeh\u00f6r darf 1,4 kg nicht \u00fcberschreiten. Abzugsgewicht mindestens 1,0 kg.<\/p>\n<p>Als Munition werden handels\u00fcbliche Randfeuerpatronen im Kaliber 5,6 mm verwendet.<\/p>\n<p>Der Anschlag ist stehend freih\u00e4ndig.<\/p>\n<p>Geschossen wird folgendes Programm: Der Wettbewerb ist unterteilt in die Bedingungen Pr\u00e4zision und Duell. Beim Schie\u00dfen auf die Pr\u00e4zisionsscheibe betr\u00e4gt die Zeitbegrenzung f\u00fcr je 5 Schuss 5 Minuten, beim Schie\u00dfen auf die Duellscheibe f\u00fcr jeden Schu\u00df nur 3 Sekunden. Die Addition der bei Pr\u00e4zision und Duell erzielten Ringzahlen ergibt das Endresultat. Das Programm besteht im Allgemeinen aus 60 Schuss (je 30 Schuss Pr\u00e4zision und Duell), bei Rundenwettk\u00e4mpfen werden aber nur 30 Schuss geschossen.<\/p>\n<h3>Die Standardpistole ( 25 m )<\/h3>\n<p><img loading=\"lazy\" decoding=\"async\" class=\"alignnone wp-image-325\" src=\"https:\/\/xn--schtzenverein-thalheim-ulc.de\/wp-content\/uploads\/2018\/08\/MG_2146-300x200.jpg\" alt=\"\" width=\"663\" height=\"442\" srcset=\"https:\/\/xn--schtzenverein-thalheim-ulc.de\/wp-content\/uploads\/2018\/08\/MG_2146-300x200.jpg 300w, https:\/\/xn--schtzenverein-thalheim-ulc.de\/wp-content\/uploads\/2018\/08\/MG_2146-768x512.jpg 768w, https:\/\/xn--schtzenverein-thalheim-ulc.de\/wp-content\/uploads\/2018\/08\/MG_2146-1024x683.jpg 1024w\" sizes=\"auto, (max-width: 663px) 100vw, 663px\" \/><\/p>\n<p>Bei der Waffe handelt es sich um die gleiche Waffe wie die Sportpistole Kleinkaliber. Ma\u00dfe und Gewicht sind gleich.<\/p>\n<p>Als Munition werden die gleichen Randfeuerpatronen im Kaliber 5,6 mm wie bei der Sportpistole Kleinkaliber verwendet.<\/p>\n<p>Der Anschlag ist stehend freih\u00e4ndig.<\/p>\n<p>Geschossen wird folgendes Programm: 60 Schu\u00df in drei aufeinanderfolgenden Durchg\u00e4ngen von je 20 Schuss. Jeder Durchgang besteht aus 4 Serien von je 5 Schuss in der Reihenfolge a) 4 x 5 Schuss in 150 Sekunden, b) 4 x 5 Schuss in 20 Sekunden, c) 4 x 5 Schuss in 10 Sekunden.<\/p>\n<p><img loading=\"lazy\" decoding=\"async\" class=\"alignnone  wp-image-390\" src=\"https:\/\/xn--schtzenverein-thalheim-ulc.de\/wp-content\/uploads\/2018\/09\/MG_2261-300x200.jpg\" alt=\"\" width=\"546\" height=\"364\" srcset=\"https:\/\/xn--schtzenverein-thalheim-ulc.de\/wp-content\/uploads\/2018\/09\/MG_2261-300x200.jpg 300w, https:\/\/xn--schtzenverein-thalheim-ulc.de\/wp-content\/uploads\/2018\/09\/MG_2261-768x512.jpg 768w, https:\/\/xn--schtzenverein-thalheim-ulc.de\/wp-content\/uploads\/2018\/09\/MG_2261-1024x683.jpg 1024w\" sizes=\"auto, (max-width: 546px) 100vw, 546px\" \/><\/p>\n","protected":false},"excerpt":{"rendered":"<p>Die Sportpistole Kleinkaliber ( 25 m ) Bei der Waffe handelt es sich um zugelassene Revolver oder selbstladende Pistolen, die<\/p>\n","protected":false},"author":1,"featured_media":0,"parent":0,"menu_order":0,"comment_status":"closed","ping_status":"closed","template":"","meta":{"colormag_page_container_layout":"default_layout","colormag_page_sidebar_layout":"default_layout","footnotes":""},"class_list":["post-203","page","type-page","status-publish","hentry"],"_links":{"self":[{"href":"https:\/\/xn--schtzenverein-thalheim-ulc.de\/index.php?rest_route=\/wp\/v2\/pages\/203","targetHints":{"allow":["GET"]}}],"collection":[{"href":"https:\/\/xn--schtzenverein-thalheim-ulc.de\/index.php?rest_route=\/wp\/v2\/pages"}],"about":[{"href":"https:\/\/xn--schtzenverein-thalheim-ulc.de\/index.php?rest_route=\/wp\/v2\/types\/page"}],"author":[{"embeddable":true,"href":"https:\/\/xn--schtzenverein-thalheim-ulc.de\/index.php?rest_route=\/wp\/v2\/users\/1"}],"replies":[{"embeddable":true,"href":"https:\/\/xn--schtzenverein-thalheim-ulc.de\/index.php?rest_route=%2Fwp%2Fv2%2Fcomments&post=203"}],"version-history":[{"count":6,"href":"https:\/\/xn--schtzenverein-thalheim-ulc.de\/index.php?rest_route=\/wp\/v2\/pages\/203\/revisions"}],"predecessor-version":[{"id":399,"href":"https:\/\/xn--schtzenverein-thalheim-ulc.de\/index.php?rest_route=\/wp\/v2\/pages\/203\/revisions\/399"}],"wp:attachment":[{"href":"https:\/\/xn--schtzenverein-thalheim-ulc.de\/index.php?rest_route=%2Fwp%2Fv2%2Fmedia&parent=203"}],"curies":[{"name":"wp","href":"https:\/\/api.w.org\/{rel}","templated":true}]}}