{"id":201,"date":"2018-08-08T16:16:56","date_gmt":"2018-08-08T16:16:56","guid":{"rendered":"http:\/\/xn--schtzenverein-thalheim-ulc.de\/?page_id=201"},"modified":"2018-08-11T13:15:22","modified_gmt":"2018-08-11T13:15:22","slug":"luftpistole","status":"publish","type":"page","link":"https:\/\/xn--schtzenverein-thalheim-ulc.de\/?page_id=201","title":{"rendered":"Luftpistole"},"content":{"rendered":"<h3>Die Luftpistole ( 10 m )<\/h3>\n<p><img loading=\"lazy\" decoding=\"async\" class=\"alignnone  wp-image-323\" src=\"https:\/\/xn--schtzenverein-thalheim-ulc.de\/wp-content\/uploads\/2018\/08\/MG_2143-300x200.jpg\" alt=\"\" width=\"707\" height=\"471\" srcset=\"https:\/\/xn--schtzenverein-thalheim-ulc.de\/wp-content\/uploads\/2018\/08\/MG_2143-300x200.jpg 300w, https:\/\/xn--schtzenverein-thalheim-ulc.de\/wp-content\/uploads\/2018\/08\/MG_2143-768x512.jpg 768w, https:\/\/xn--schtzenverein-thalheim-ulc.de\/wp-content\/uploads\/2018\/08\/MG_2143-1024x683.jpg 1024w\" sizes=\"auto, (max-width: 707px) 100vw, 707px\" \/><\/p>\n<p>Bei der Waffe handelt es sich um eine Luft- oder CO2-Pistole Kaliber 4,5 mm. Die \u00e4u\u00dferen Ma\u00dfe d\u00fcrfen 200 mm H\u00f6he, 420 mm L\u00e4ngeund 50 mm Breite nicht \u00fcberschreiten. Abzugsgewicht mindestens 500 g. Stecher und R\u00fcckstecher sind nicht erlaubt. Mehrlader d\u00fcrfen nur als Einzellader verwendet werden.<\/p>\n<p>Als Munition werden handels\u00fcbliche Geschosse beliebiger Form im Kaliber von maximal 4,5 mm verwendet<\/p>\n<p>Der Anschlag ist stehend freih\u00e4ndig.<\/p>\n<p>Geschossen werden folgende Programme: 20 Schuss in 40 Minuten (Sch\u00fclerklasse), 40 Schuss in 75 Minuten (alle \u00fcbrigen Klassen) und 60 Schuss in 105 Minuten (nur bei Meisterschaften) jeweils inkl. Probesch\u00fcsse.<\/p>\n","protected":false},"excerpt":{"rendered":"<p>Die Luftpistole ( 10 m ) Bei der Waffe handelt es sich um eine Luft- oder CO2-Pistole Kaliber 4,5 mm.<\/p>\n","protected":false},"author":1,"featured_media":0,"parent":0,"menu_order":0,"comment_status":"closed","ping_status":"closed","template":"","meta":{"colormag_page_container_layout":"default_layout","colormag_page_sidebar_layout":"default_layout","footnotes":""},"class_list":["post-201","page","type-page","status-publish","hentry"],"_links":{"self":[{"href":"https:\/\/xn--schtzenverein-thalheim-ulc.de\/index.php?rest_route=\/wp\/v2\/pages\/201","targetHints":{"allow":["GET"]}}],"collection":[{"href":"https:\/\/xn--schtzenverein-thalheim-ulc.de\/index.php?rest_route=\/wp\/v2\/pages"}],"about":[{"href":"https:\/\/xn--schtzenverein-thalheim-ulc.de\/index.php?rest_route=\/wp\/v2\/types\/page"}],"author":[{"embeddable":true,"href":"https:\/\/xn--schtzenverein-thalheim-ulc.de\/index.php?rest_route=\/wp\/v2\/users\/1"}],"replies":[{"embeddable":true,"href":"https:\/\/xn--schtzenverein-thalheim-ulc.de\/index.php?rest_route=%2Fwp%2Fv2%2Fcomments&post=201"}],"version-history":[{"count":3,"href":"https:\/\/xn--schtzenverein-thalheim-ulc.de\/index.php?rest_route=\/wp\/v2\/pages\/201\/revisions"}],"predecessor-version":[{"id":359,"href":"https:\/\/xn--schtzenverein-thalheim-ulc.de\/index.php?rest_route=\/wp\/v2\/pages\/201\/revisions\/359"}],"wp:attachment":[{"href":"https:\/\/xn--schtzenverein-thalheim-ulc.de\/index.php?rest_route=%2Fwp%2Fv2%2Fmedia&parent=201"}],"curies":[{"name":"wp","href":"https:\/\/api.w.org\/{rel}","templated":true}]}}