{"id":196,"date":"2018-08-08T16:16:19","date_gmt":"2018-08-08T16:16:19","guid":{"rendered":"http:\/\/xn--schtzenverein-thalheim-ulc.de\/?page_id=196"},"modified":"2018-09-10T21:41:48","modified_gmt":"2018-09-10T21:41:48","slug":"kurzwaffe","status":"publish","type":"page","link":"https:\/\/xn--schtzenverein-thalheim-ulc.de\/?page_id=196","title":{"rendered":"Kurzwaffe"},"content":{"rendered":"<p><img loading=\"lazy\" decoding=\"async\" class=\"alignnone wp-image-324 alignleft\" src=\"https:\/\/xn--schtzenverein-thalheim-ulc.de\/wp-content\/uploads\/2018\/08\/MG_2144-300x200.jpg\" alt=\"\" width=\"342\" height=\"228\" srcset=\"https:\/\/xn--schtzenverein-thalheim-ulc.de\/wp-content\/uploads\/2018\/08\/MG_2144-300x200.jpg 300w, https:\/\/xn--schtzenverein-thalheim-ulc.de\/wp-content\/uploads\/2018\/08\/MG_2144-768x512.jpg 768w, https:\/\/xn--schtzenverein-thalheim-ulc.de\/wp-content\/uploads\/2018\/08\/MG_2144-1024x683.jpg 1024w\" sizes=\"auto, (max-width: 342px) 100vw, 342px\" \/> <img loading=\"lazy\" decoding=\"async\" class=\"alignnone wp-image-323 alignleft\" src=\"https:\/\/xn--schtzenverein-thalheim-ulc.de\/wp-content\/uploads\/2018\/08\/MG_2143-300x200.jpg\" alt=\"\" width=\"341\" height=\"227\" srcset=\"https:\/\/xn--schtzenverein-thalheim-ulc.de\/wp-content\/uploads\/2018\/08\/MG_2143-300x200.jpg 300w, https:\/\/xn--schtzenverein-thalheim-ulc.de\/wp-content\/uploads\/2018\/08\/MG_2143-768x512.jpg 768w, https:\/\/xn--schtzenverein-thalheim-ulc.de\/wp-content\/uploads\/2018\/08\/MG_2143-1024x683.jpg 1024w\" sizes=\"auto, (max-width: 341px) 100vw, 341px\" \/><\/p>\n<p>Das Pistolenschie\u00dfen ist eine der schwierigsten Disziplinen beim Sportschie\u00dfen. Wettk\u00e4mpfe auf nationaler Ebene werden vor allem mit der Luftpistole und der Sportpistole ausgetragen.<\/p>\n<p>Der Anschlag hat mit dem aus Film und Fernsehen bekannten Schie\u00dfen fast nichts gemeinsam. Der Sch\u00fctze steht nicht frontal zur Scheibe sondern etwas seitlich gedreht und h\u00e4lt die Pistole mit ausgestrecktem Arm und mit nur einer Hand. Dies verlangt dem Sch\u00fctzen eine spezielle Kondition ab, um die Waffe m\u00f6glichst ruhig halten zu k\u00f6nnen. Au\u00dferdem muss ein guter Sch\u00fctze \u00fcber eine ausgefeilte Technik verf\u00fcgen,denn um den Abzug auszul\u00f6sen, muss ein Gewicht von mindestens 500 g \u00fcberwunden werden, was es nicht gerade einfach macht, die Pistoleruhig und sauber im Ziel zu halten.<\/p>\n<p>&nbsp;<\/p>\n<h4><em>Wir bieten folgende Disziplinen an:<\/em><\/h4>\n<p><a href=\"https:\/\/xn--schtzenverein-thalheim-ulc.de\/?page_id=201\">10m Luftpistole<\/a><\/p>\n<p><a href=\"https:\/\/xn--schtzenverein-thalheim-ulc.de\/?page_id=203\">25m Sportpistole<\/a><\/p>\n<p><a href=\"https:\/\/xn--schtzenverein-thalheim-ulc.de\/?page_id=205\">25m Gro\u00dfkaliberpistole<\/a><\/p>\n","protected":false},"excerpt":{"rendered":"<p>Das Pistolenschie\u00dfen ist eine der schwierigsten Disziplinen beim Sportschie\u00dfen. Wettk\u00e4mpfe auf nationaler Ebene werden vor allem mit der Luftpistole und<\/p>\n","protected":false},"author":1,"featured_media":0,"parent":0,"menu_order":0,"comment_status":"closed","ping_status":"closed","template":"","meta":{"colormag_page_container_layout":"default_layout","colormag_page_sidebar_layout":"default_layout","footnotes":""},"class_list":["post-196","page","type-page","status-publish","hentry"],"_links":{"self":[{"href":"https:\/\/xn--schtzenverein-thalheim-ulc.de\/index.php?rest_route=\/wp\/v2\/pages\/196","targetHints":{"allow":["GET"]}}],"collection":[{"href":"https:\/\/xn--schtzenverein-thalheim-ulc.de\/index.php?rest_route=\/wp\/v2\/pages"}],"about":[{"href":"https:\/\/xn--schtzenverein-thalheim-ulc.de\/index.php?rest_route=\/wp\/v2\/types\/page"}],"author":[{"embeddable":true,"href":"https:\/\/xn--schtzenverein-thalheim-ulc.de\/index.php?rest_route=\/wp\/v2\/users\/1"}],"replies":[{"embeddable":true,"href":"https:\/\/xn--schtzenverein-thalheim-ulc.de\/index.php?rest_route=%2Fwp%2Fv2%2Fcomments&post=196"}],"version-history":[{"count":9,"href":"https:\/\/xn--schtzenverein-thalheim-ulc.de\/index.php?rest_route=\/wp\/v2\/pages\/196\/revisions"}],"predecessor-version":[{"id":433,"href":"https:\/\/xn--schtzenverein-thalheim-ulc.de\/index.php?rest_route=\/wp\/v2\/pages\/196\/revisions\/433"}],"wp:attachment":[{"href":"https:\/\/xn--schtzenverein-thalheim-ulc.de\/index.php?rest_route=%2Fwp%2Fv2%2Fmedia&parent=196"}],"curies":[{"name":"wp","href":"https:\/\/api.w.org\/{rel}","templated":true}]}}