{"id":194,"date":"2018-08-08T16:15:36","date_gmt":"2018-08-08T16:15:36","guid":{"rendered":"http:\/\/xn--schtzenverein-thalheim-ulc.de\/?page_id=194"},"modified":"2018-09-10T21:42:49","modified_gmt":"2018-09-10T21:42:49","slug":"gewehr","status":"publish","type":"page","link":"https:\/\/xn--schtzenverein-thalheim-ulc.de\/?page_id=194","title":{"rendered":"Langwaffe"},"content":{"rendered":"<h3>Das Gewehrschie\u00dfen<\/h3>\n<p><img loading=\"lazy\" decoding=\"async\" class=\"alignnone wp-image-340\" src=\"https:\/\/xn--schtzenverein-thalheim-ulc.de\/wp-content\/uploads\/2018\/08\/MG_2198-300x200.jpg\" alt=\"\" width=\"643\" height=\"428\" srcset=\"https:\/\/xn--schtzenverein-thalheim-ulc.de\/wp-content\/uploads\/2018\/08\/MG_2198-300x200.jpg 300w, https:\/\/xn--schtzenverein-thalheim-ulc.de\/wp-content\/uploads\/2018\/08\/MG_2198-768x512.jpg 768w, https:\/\/xn--schtzenverein-thalheim-ulc.de\/wp-content\/uploads\/2018\/08\/MG_2198-1024x683.jpg 1024w\" sizes=\"auto, (max-width: 643px) 100vw, 643px\" \/><\/p>\n<p>Sportliches Gewehrschie\u00dfen kann man in verschiedenen Formen betreiben. Zum einen unterscheiden sich die Waffen nach ihren verschiedenen Kalibern, bzw. der Art, wie sie die Kugel ins Ziel bringen, zum anderen wird in unterschiedlichen Anschlagarten geschossen.<\/p>\n<p>Die g\u00e4ngigsten Gewehrarten, mit denen im Deutschen Sch\u00fctzenbund Wettk\u00e4mpfe ausgetragen werden, sind Luftgewehr und Kleinkalibergewehr.<\/p>\n<p>Gezielt wird bei allen Gewehrarten mit Hilfe eines Diopters und eines Ringkorns. Sobald sich &#8222;das Schwarze&#8220; in der Mitte des Ringkorns befindet, kann der Schuss gel\u00f6st werden, und man schie\u00dft eine Zehn.<\/p>\n<p>Der Reiz an dieser Sportart ist, dass es eben nicht so einfach ist, wie es sich anh\u00f6rt. Vielmehr erfordert es ein hohes Ma\u00df an Konzentration und K\u00f6rperbeherrschung. Immerhin gilt es, um eine Zehn ( die h\u00f6chstm\u00f6gliche Ringzahl ) zu erreichen, auf eine Entfernung von 10 Metern einen 0,5 mm (!) kleinen Punkt zu treffen.<\/p>\n<p><img loading=\"lazy\" decoding=\"async\" class=\"alignnone wp-image-338\" src=\"https:\/\/xn--schtzenverein-thalheim-ulc.de\/wp-content\/uploads\/2018\/08\/MG_2193-300x200.jpg\" alt=\"\" width=\"467\" height=\"311\" srcset=\"https:\/\/xn--schtzenverein-thalheim-ulc.de\/wp-content\/uploads\/2018\/08\/MG_2193-300x200.jpg 300w, https:\/\/xn--schtzenverein-thalheim-ulc.de\/wp-content\/uploads\/2018\/08\/MG_2193-768x512.jpg 768w, https:\/\/xn--schtzenverein-thalheim-ulc.de\/wp-content\/uploads\/2018\/08\/MG_2193-1024x683.jpg 1024w\" sizes=\"auto, (max-width: 467px) 100vw, 467px\" \/><\/p>\n<p>Auf die Distanz von 50 Metern ist die Zehn mit 10,4 mm Durchmesser auch verh\u00e4ltnism\u00e4\u00dfig klein. Also braucht man neben einer ruhigen Hand und innerer Ruhe, auch eine gute allgemeine Kondition, um seinen K\u00f6rper unter Kontrolle halten zu k\u00f6nnen.<\/p>\n<p>Damit der eigene K\u00f6rper m\u00f6glichst ruhig steht, tragen Gewehrsch\u00fctzen f\u00fcr Au\u00dfenstehende recht seltsam anmutende Schie\u00dfkleidung. Jacken und Hosen aus festem Material und Schuhe mit extrastarker Sohle verleihen dem Gewehrsch\u00fctzen den typischen &#8222;Entengang&#8220; wenn sie sich zum Schie\u00dfstand bewegen.<\/p>\n<p><img loading=\"lazy\" decoding=\"async\" class=\"alignnone wp-image-333\" src=\"https:\/\/xn--schtzenverein-thalheim-ulc.de\/wp-content\/uploads\/2018\/08\/MG_2176-e1533993968541-200x300.jpg\" alt=\"\" width=\"362\" height=\"544\" srcset=\"https:\/\/xn--schtzenverein-thalheim-ulc.de\/wp-content\/uploads\/2018\/08\/MG_2176-e1533993968541-200x300.jpg 200w, https:\/\/xn--schtzenverein-thalheim-ulc.de\/wp-content\/uploads\/2018\/08\/MG_2176-e1533993968541-768x1152.jpg 768w, https:\/\/xn--schtzenverein-thalheim-ulc.de\/wp-content\/uploads\/2018\/08\/MG_2176-e1533993968541-683x1024.jpg 683w\" sizes=\"auto, (max-width: 362px) 100vw, 362px\" \/><\/p>\n<h4><em>Wir bieten folgende Disziplinen an:<\/em><\/h4>\n<p><a href=\"https:\/\/xn--schtzenverein-thalheim-ulc.de\/?page_id=199\">10m Luftgewehr<\/a><\/p>\n<p><a href=\"https:\/\/xn--schtzenverein-thalheim-ulc.de\/?page_id=207\">50m KK-Sportgewehr<\/a><\/p>\n<p>&nbsp;<\/p>\n<p>&nbsp;<\/p>\n","protected":false},"excerpt":{"rendered":"<p>Das Gewehrschie\u00dfen Sportliches Gewehrschie\u00dfen kann man in verschiedenen Formen betreiben. Zum einen unterscheiden sich die Waffen nach ihren verschiedenen Kalibern,<\/p>\n","protected":false},"author":1,"featured_media":0,"parent":0,"menu_order":0,"comment_status":"closed","ping_status":"closed","template":"","meta":{"colormag_page_container_layout":"default_layout","colormag_page_sidebar_layout":"default_layout","footnotes":""},"class_list":["post-194","page","type-page","status-publish","hentry"],"_links":{"self":[{"href":"https:\/\/xn--schtzenverein-thalheim-ulc.de\/index.php?rest_route=\/wp\/v2\/pages\/194","targetHints":{"allow":["GET"]}}],"collection":[{"href":"https:\/\/xn--schtzenverein-thalheim-ulc.de\/index.php?rest_route=\/wp\/v2\/pages"}],"about":[{"href":"https:\/\/xn--schtzenverein-thalheim-ulc.de\/index.php?rest_route=\/wp\/v2\/types\/page"}],"author":[{"embeddable":true,"href":"https:\/\/xn--schtzenverein-thalheim-ulc.de\/index.php?rest_route=\/wp\/v2\/users\/1"}],"replies":[{"embeddable":true,"href":"https:\/\/xn--schtzenverein-thalheim-ulc.de\/index.php?rest_route=%2Fwp%2Fv2%2Fcomments&post=194"}],"version-history":[{"count":13,"href":"https:\/\/xn--schtzenverein-thalheim-ulc.de\/index.php?rest_route=\/wp\/v2\/pages\/194\/revisions"}],"predecessor-version":[{"id":434,"href":"https:\/\/xn--schtzenverein-thalheim-ulc.de\/index.php?rest_route=\/wp\/v2\/pages\/194\/revisions\/434"}],"wp:attachment":[{"href":"https:\/\/xn--schtzenverein-thalheim-ulc.de\/index.php?rest_route=%2Fwp%2Fv2%2Fmedia&parent=194"}],"curies":[{"name":"wp","href":"https:\/\/api.w.org\/{rel}","templated":true}]}}